{"id":3916,"date":"2025-07-16T20:48:00","date_gmt":"2025-07-17T03:48:00","guid":{"rendered":"https:\/\/haciendamontero.com.mx\/?post_type=product&#038;p=3916"},"modified":"2026-04-07T22:52:57","modified_gmt":"2026-04-08T05:52:57","slug":"hotel","status":"publish","type":"product","link":"https:\/\/haciendamontero.com.mx\/en\/product\/hotel\/","title":{"rendered":"HOTEL BOUTIQUE"},"content":{"rendered":"<p>HERMOSA SUITE CON JACUZZI Y FOGATA DE GAS PRIVADO, A PIE DE VI\u00d1EDO, CON VISTAS ESPECTACULARES E INCREIBLES ATARDECERES.<\/p>\n<p>2 PERSONAS POR HABITACI\u00d3N<\/p>\n<p>IDEAL PARA PAREJAS, AMIG@S O GRUPOS.<\/p>\n<p>ALBERCA Y JACUZZI CLIMATIZADO<\/p>\n<p>AREAS VERDES Y FOGATA DE GAS<\/p>\n<p>CAMINA ENTRE VI\u00d1EDOS<\/p>\n<p>TARIFA POR NOCHE $4,800 PESOS<\/p>\n<p>INCLUYE UNA BOTELLA DE VINO ROSADO.<\/p>\n<p>INFORMACION, COSTOS Y RESERVACIONES A TRAV\u00c9S DE WHATSAPP 6462381069<\/p>\n<p>&nbsp;<\/p>","protected":false},"excerpt":{"rendered":"<p>HERMOSA SUITE CON JACUZZI Y FOGATA DE GAS PRIVADO, A PIE DE VI\u00d1EDO, CON VISTAS ESPECTACULARES E INCREIBLES ATARDECERES. 2 PERSONAS POR HABITACI\u00d3N IDEAL PARA PAREJAS, AMIG@S O GRUPOS. ALBERCA Y JACUZZI CLIMATIZADO AREAS VERDES Y FOGATA DE GAS CAMINA ENTRE VI\u00d1EDOS TARIFA POR NOCHE $4,800 PESOS INCLUYE UNA BOTELLA DE VINO ROSADO. INFORMACION, COSTOS<\/p>","protected":false},"featured_media":3927,"template":"","meta":{"inline_featured_image":false,"_uag_custom_page_level_css":"","_joinchat":[]},"product_cat":[3232,3231,3209,3211],"product_tag":[],"class_list":["post-3916","product","type-product","status-publish","has-post-thumbnail","hentry","product_cat-boutique-hotel","product_cat-hotel-boutique","product_cat-reservas","product_cat-reservations","prodpage-classic"],"uagb_featured_image_src":{"full":["https:\/\/haciendamontero.com.mx\/wp-content\/uploads\/2025\/07\/IMG_0481-scaled.jpeg",1920,2560,false],"thumbnail":["https:\/\/haciendamontero.com.mx\/wp-content\/uploads\/2025\/07\/IMG_0481-150x150.jpeg",150,150,true],"medium":["https:\/\/haciendamontero.com.mx\/wp-content\/uploads\/2025\/07\/IMG_0481-225x300.jpeg",225,300,true],"medium_large":["https:\/\/haciendamontero.com.mx\/wp-content\/uploads\/2025\/07\/IMG_0481-768x1024.jpeg",768,1024,true],"large":["https:\/\/haciendamontero.com.mx\/wp-content\/uploads\/2025\/07\/IMG_0481-768x1024.jpeg",768,1024,true],"1536x1536":["https:\/\/haciendamontero.com.mx\/wp-content\/uploads\/2025\/07\/IMG_0481-1152x1536.jpeg",1152,1536,true],"2048x2048":["https:\/\/haciendamontero.com.mx\/wp-content\/uploads\/2025\/07\/IMG_0481-1536x2048.jpeg",1536,2048,true],"trp-custom-language-flag":["https:\/\/haciendamontero.com.mx\/wp-content\/uploads\/2025\/07\/IMG_0481-9x12.jpeg",9,12,true],"post-thumbnail":["https:\/\/haciendamontero.com.mx\/wp-content\/uploads\/2025\/07\/IMG_0481-140x187.jpeg",140,187,true],"full-width-image":["https:\/\/haciendamontero.com.mx\/wp-content\/uploads\/2025\/07\/IMG_0481-1170x1560.jpeg",1170,1560,true],"lp_bi_image":["https:\/\/haciendamontero.com.mx\/wp-content\/uploads\/2025\/07\/IMG_0481-750x350.jpeg",750,350,true],"woocommerce_thumbnail":["https:\/\/haciendamontero.com.mx\/wp-content\/uploads\/2025\/07\/IMG_0481-300x300.jpeg",300,300,true],"woocommerce_single":["https:\/\/haciendamontero.com.mx\/wp-content\/uploads\/2025\/07\/IMG_0481-600x800.jpeg",600,800,true],"woocommerce_gallery_thumbnail":["https:\/\/haciendamontero.com.mx\/wp-content\/uploads\/2025\/07\/IMG_0481-100x100.jpeg",100,100,true]},"uagb_author_info":{"display_name":"ventas","author_link":"https:\/\/haciendamontero.com.mx\/en\/author\/"},"uagb_comment_info":0,"uagb_excerpt":"HERMOSA SUITE CON JACUZZI Y FOGATA DE GAS PRIVADO, A PIE DE VI\u00d1EDO, CON VISTAS ESPECTACULARES E INCREIBLES ATARDECERES. 2 PERSONAS POR HABITACI\u00d3N IDEAL PARA PAREJAS, AMIG@S O GRUPOS. ALBERCA Y JACUZZI CLIMATIZADO AREAS VERDES Y FOGATA DE GAS CAMINA ENTRE VI\u00d1EDOS TARIFA POR NOCHE $4,800 PESOS INCLUYE UNA BOTELLA DE VINO ROSADO. INFORMACION, COSTOS","_links":{"self":[{"href":"https:\/\/haciendamontero.com.mx\/en\/wp-json\/wp\/v3\/product\/3916","targetHints":{"allow":["GET"]}}],"collection":[{"href":"https:\/\/haciendamontero.com.mx\/en\/wp-json\/wp\/v3\/product"}],"about":[{"href":"https:\/\/haciendamontero.com.mx\/en\/wp-json\/wp\/v2\/types\/product"}],"wp:featuredmedia":[{"embeddable":true,"href":"https:\/\/haciendamontero.com.mx\/en\/wp-json\/wp\/v2\/media\/3927"}],"wp:attachment":[{"href":"https:\/\/haciendamontero.com.mx\/en\/wp-json\/wp\/v2\/media?parent=3916"}],"wp:term":[{"taxonomy":"product_cat","embeddable":true,"href":"https:\/\/haciendamontero.com.mx\/en\/wp-json\/wp\/v2\/product_cat?post=3916"},{"taxonomy":"product_tag","embeddable":true,"href":"https:\/\/haciendamontero.com.mx\/en\/wp-json\/wp\/v2\/product_tag?post=3916"}],"curies":[{"name":"wp","href":"https:\/\/api.w.org\/{rel}","templated":true}]}}