{"id":3627,"date":"2024-04-07T10:00:21","date_gmt":"2024-04-07T17:00:21","guid":{"rendered":"https:\/\/haciendamontero.com.mx\/?post_type=product&#038;p=3627"},"modified":"2026-04-07T21:16:48","modified_gmt":"2026-04-08T04:16:48","slug":"restaurante","status":"publish","type":"product","link":"https:\/\/haciendamontero.com.mx\/en\/product\/restaurante\/","title":{"rendered":"RESTAURANTE"},"content":{"rendered":"<h2><em><strong>ABIERTO A PARTIR DEL 24 DE ABRIL 2026<\/strong><\/em><\/h2>\n<h2>VIERNES, S\u00c1BADOS Y DOMINGOS. Horario 01:00 pm a 8:00 pm.<\/h2>\n<p>(NO REQUIERE RESERVACI\u00d3N)<\/p>\n<p>VEN A DISFRUTAR DE UN DELICIOSO MEN\u00da DISE\u00d1ADO ESPECIALMENTE PARA MARIDAR CON NUESTROS VINOS.<\/p>\n<p>PRODUCTOS CUIDADOSAMENTE SELECCIONADOS, VEGETALES DEL HUERTO, POSTRES Y QUESOS DE LA REGION.<\/p>\n<p>UNA EXPERIENCIA QUE LLEVARAS EN EL CORAZ\u00d3N.<\/p>\n<p>VIVE Y DISFRUTA DE UN AMBIENTE RELAJADO, PRIVADO Y EXCLUSIVO.<\/p>\n<p>WhatsApp: 646 2381069<\/p>\n<p>&nbsp;<\/p>\n<p>No introducir alimentos ni bebidas ajenas al establecimiento.<\/p>\n<p>&nbsp;<\/p>\n<p>&nbsp;<\/p>\n<p>&nbsp;<\/p>\n<p>&nbsp;<\/p>\n<p>&nbsp;<\/p>\n<p>&nbsp;<\/p>\n<p>&nbsp;<\/p>\n<p>&nbsp;<\/p>","protected":false},"excerpt":{"rendered":"<p>ABIERTO A PARTIR DEL 24 DE ABRIL 2026 VIERNES, S\u00c1BADOS Y DOMINGOS. Horario 01:00 pm a 8:00 pm. (NO REQUIERE RESERVACI\u00d3N) VEN A DISFRUTAR DE UN DELICIOSO MEN\u00da DISE\u00d1ADO ESPECIALMENTE PARA MARIDAR CON NUESTROS VINOS. PRODUCTOS CUIDADOSAMENTE SELECCIONADOS, VEGETALES DEL HUERTO, POSTRES Y QUESOS DE LA REGION. UNA EXPERIENCIA QUE LLEVARAS EN EL CORAZ\u00d3N. VIVE<\/p>","protected":false},"featured_media":3628,"template":"","meta":{"inline_featured_image":false,"_uag_custom_page_level_css":"","_joinchat":{"message_text":"RESERVACI\u00d3N","message_send":"RESERVACI\u00d3N","view":"yes"}},"product_cat":[3209,3227,3225],"product_tag":[],"class_list":["post-3627","product","type-product","status-publish","has-post-thumbnail","hentry","product_cat-reservas","product_cat-restaurant","product_cat-restaurante","prodpage-classic"],"uagb_featured_image_src":{"full":["https:\/\/haciendamontero.com.mx\/wp-content\/uploads\/2023\/04\/restaurant.jpg",800,800,false],"thumbnail":["https:\/\/haciendamontero.com.mx\/wp-content\/uploads\/2023\/04\/restaurant-150x150.jpg",150,150,true],"medium":["https:\/\/haciendamontero.com.mx\/wp-content\/uploads\/2023\/04\/restaurant-300x300.jpg",300,300,true],"medium_large":["https:\/\/haciendamontero.com.mx\/wp-content\/uploads\/2023\/04\/restaurant-768x768.jpg",768,768,true],"large":["https:\/\/haciendamontero.com.mx\/wp-content\/uploads\/2023\/04\/restaurant.jpg",800,800,false],"1536x1536":["https:\/\/haciendamontero.com.mx\/wp-content\/uploads\/2023\/04\/restaurant.jpg",800,800,false],"2048x2048":["https:\/\/haciendamontero.com.mx\/wp-content\/uploads\/2023\/04\/restaurant.jpg",800,800,false],"trp-custom-language-flag":["https:\/\/haciendamontero.com.mx\/wp-content\/uploads\/2023\/04\/restaurant.jpg",12,12,false],"post-thumbnail":["https:\/\/haciendamontero.com.mx\/wp-content\/uploads\/2023\/04\/restaurant-187x187.jpg",187,187,true],"full-width-image":["https:\/\/haciendamontero.com.mx\/wp-content\/uploads\/2023\/04\/restaurant.jpg",800,800,false],"lp_bi_image":["https:\/\/haciendamontero.com.mx\/wp-content\/uploads\/2023\/04\/restaurant-750x350.jpg",750,350,true],"woocommerce_thumbnail":["https:\/\/haciendamontero.com.mx\/wp-content\/uploads\/2023\/04\/restaurant-300x300.jpg",300,300,true],"woocommerce_single":["https:\/\/haciendamontero.com.mx\/wp-content\/uploads\/2023\/04\/restaurant-600x600.jpg",600,600,true],"woocommerce_gallery_thumbnail":["https:\/\/haciendamontero.com.mx\/wp-content\/uploads\/2023\/04\/restaurant-100x100.jpg",100,100,true]},"uagb_author_info":{"display_name":"efriend","author_link":"https:\/\/haciendamontero.com.mx\/en\/author\/"},"uagb_comment_info":0,"uagb_excerpt":"ABIERTO A PARTIR DEL 24 DE ABRIL 2026 VIERNES, S\u00c1BADOS Y DOMINGOS. Horario 01:00 pm a 8:00 pm. (NO REQUIERE RESERVACI\u00d3N) VEN A DISFRUTAR DE UN DELICIOSO MEN\u00da DISE\u00d1ADO ESPECIALMENTE PARA MARIDAR CON NUESTROS VINOS. PRODUCTOS CUIDADOSAMENTE SELECCIONADOS, VEGETALES DEL HUERTO, POSTRES Y QUESOS DE LA REGION. UNA EXPERIENCIA QUE LLEVARAS EN EL CORAZ\u00d3N. VIVE","_links":{"self":[{"href":"https:\/\/haciendamontero.com.mx\/en\/wp-json\/wp\/v3\/product\/3627","targetHints":{"allow":["GET"]}}],"collection":[{"href":"https:\/\/haciendamontero.com.mx\/en\/wp-json\/wp\/v3\/product"}],"about":[{"href":"https:\/\/haciendamontero.com.mx\/en\/wp-json\/wp\/v2\/types\/product"}],"wp:featuredmedia":[{"embeddable":true,"href":"https:\/\/haciendamontero.com.mx\/en\/wp-json\/wp\/v2\/media\/3628"}],"wp:attachment":[{"href":"https:\/\/haciendamontero.com.mx\/en\/wp-json\/wp\/v2\/media?parent=3627"}],"wp:term":[{"taxonomy":"product_cat","embeddable":true,"href":"https:\/\/haciendamontero.com.mx\/en\/wp-json\/wp\/v2\/product_cat?post=3627"},{"taxonomy":"product_tag","embeddable":true,"href":"https:\/\/haciendamontero.com.mx\/en\/wp-json\/wp\/v2\/product_tag?post=3627"}],"curies":[{"name":"wp","href":"https:\/\/api.w.org\/{rel}","templated":true}]}}