{"id":193,"date":"2021-04-22T16:14:55","date_gmt":"2021-04-22T23:14:55","guid":{"rendered":"https:\/\/haciendamontero.com.mx\/?post_type=product&#038;p=193"},"modified":"2026-04-07T21:06:15","modified_gmt":"2026-04-08T04:06:15","slug":"nebbiolo-2","status":"publish","type":"product","link":"https:\/\/haciendamontero.com.mx\/en\/product\/nebbiolo-2\/","title":{"rendered":"NEBBIOLO MX"},"content":{"rendered":"<p>VENTA EN VINICOLA<\/p>\n<p>LUNES A DOMINGO<\/p>\n<p>11:00 AM A 8:00 PM<\/p>\n<p>WhatsApp 646 2381069<\/p>","protected":false},"excerpt":{"rendered":"<p>Varietal: 100% Mexican nebbiolo<br \/>\nType of wine: young.<br \/>\nAging: 12 months in American and French barrels.<br \/>\nKeeping capacity: medium.<\/p>\n<p>Sensory Characteristics<\/p>\n<p>Nose: very aromatic highlighting red and black fruits<br \/>\nmaduros, tambi\u00e9n aromas a trufas, cuero y paja mojada.<br \/>\nmouth: intense, full, fruity and spicy with good<br \/>\npermanencia.<\/p>\n<p>Color: deep purple.<\/p>\n<p>2019 Medalla de BRONCE. San Francisco International Wine Competition.<\/p>\n<p>&nbsp;<\/p>\n<p>&nbsp;<\/p>","protected":false},"featured_media":192,"template":"","meta":{"inline_featured_image":false,"_uag_custom_page_level_css":"","_joinchat":[]},"product_cat":[526],"product_tag":[],"class_list":["post-193","product","type-product","status-publish","has-post-thumbnail","hentry","product_cat-vinos","prodpage-classic"],"uagb_featured_image_src":{"full":["https:\/\/haciendamontero.com.mx\/wp-content\/uploads\/2021\/04\/montero_vino_nebbiolo.jpg",800,800,false],"thumbnail":["https:\/\/haciendamontero.com.mx\/wp-content\/uploads\/2021\/04\/montero_vino_nebbiolo-150x150.jpg",150,150,true],"medium":["https:\/\/haciendamontero.com.mx\/wp-content\/uploads\/2021\/04\/montero_vino_nebbiolo-300x300.jpg",300,300,true],"medium_large":["https:\/\/haciendamontero.com.mx\/wp-content\/uploads\/2021\/04\/montero_vino_nebbiolo-768x768.jpg",768,768,true],"large":["https:\/\/haciendamontero.com.mx\/wp-content\/uploads\/2021\/04\/montero_vino_nebbiolo.jpg",800,800,false],"1536x1536":["https:\/\/haciendamontero.com.mx\/wp-content\/uploads\/2021\/04\/montero_vino_nebbiolo.jpg",800,800,false],"2048x2048":["https:\/\/haciendamontero.com.mx\/wp-content\/uploads\/2021\/04\/montero_vino_nebbiolo.jpg",800,800,false],"trp-custom-language-flag":["https:\/\/haciendamontero.com.mx\/wp-content\/uploads\/2021\/04\/montero_vino_nebbiolo.jpg",12,12,false],"post-thumbnail":["https:\/\/haciendamontero.com.mx\/wp-content\/uploads\/2021\/04\/montero_vino_nebbiolo-187x187.jpg",187,187,true],"full-width-image":["https:\/\/haciendamontero.com.mx\/wp-content\/uploads\/2021\/04\/montero_vino_nebbiolo.jpg",800,800,false],"lp_bi_image":["https:\/\/haciendamontero.com.mx\/wp-content\/uploads\/2021\/04\/montero_vino_nebbiolo-750x350.jpg",750,350,true],"woocommerce_thumbnail":["https:\/\/haciendamontero.com.mx\/wp-content\/uploads\/2021\/04\/montero_vino_nebbiolo-300x300.jpg",300,300,true],"woocommerce_single":["https:\/\/haciendamontero.com.mx\/wp-content\/uploads\/2021\/04\/montero_vino_nebbiolo-600x600.jpg",600,600,true],"woocommerce_gallery_thumbnail":["https:\/\/haciendamontero.com.mx\/wp-content\/uploads\/2021\/04\/montero_vino_nebbiolo-100x100.jpg",100,100,true]},"uagb_author_info":{"display_name":"efriend","author_link":"https:\/\/haciendamontero.com.mx\/en\/author\/"},"uagb_comment_info":0,"uagb_excerpt":"Varietal: 100% nebbiolo mexicano Tipo de vino: joven. Crianza: 12 meses en barrica americana y francesa. Capacidad de guarda: media. Caracter\u00edsticas Sensoriales Nariz: muy arom\u00e1tico destacando frutos rojos y negros maduros, tambi\u00e9n aromas a trufas, cuero y paja mojada. boca: intenso, completo, frutal y especiado con buena permanencia. Color: purpura profundo. 2019 Medalla de BRONCE.&hellip;","_links":{"self":[{"href":"https:\/\/haciendamontero.com.mx\/en\/wp-json\/wp\/v3\/product\/193","targetHints":{"allow":["GET"]}}],"collection":[{"href":"https:\/\/haciendamontero.com.mx\/en\/wp-json\/wp\/v3\/product"}],"about":[{"href":"https:\/\/haciendamontero.com.mx\/en\/wp-json\/wp\/v2\/types\/product"}],"wp:featuredmedia":[{"embeddable":true,"href":"https:\/\/haciendamontero.com.mx\/en\/wp-json\/wp\/v2\/media\/192"}],"wp:attachment":[{"href":"https:\/\/haciendamontero.com.mx\/en\/wp-json\/wp\/v2\/media?parent=193"}],"wp:term":[{"taxonomy":"product_cat","embeddable":true,"href":"https:\/\/haciendamontero.com.mx\/en\/wp-json\/wp\/v2\/product_cat?post=193"},{"taxonomy":"product_tag","embeddable":true,"href":"https:\/\/haciendamontero.com.mx\/en\/wp-json\/wp\/v2\/product_tag?post=193"}],"curies":[{"name":"wp","href":"https:\/\/api.w.org\/{rel}","templated":true}]}}