{"id":143,"date":"2021-04-21T13:54:28","date_gmt":"2021-04-21T20:54:28","guid":{"rendered":"https:\/\/haciendamontero.com.mx\/?post_type=product&#038;p=143"},"modified":"2026-04-07T21:06:45","modified_gmt":"2026-04-08T04:06:45","slug":"coty-2","status":"publish","type":"product","link":"https:\/\/haciendamontero.com.mx\/en\/product\/coty-2\/","title":{"rendered":"COTY"},"content":{"rendered":"<p>VENTA EN VINICOLA<\/p>\n<p>LUNES A DOMINGO<\/p>\n<p>11:00 AM A 8:00 PM<\/p>\n<p>WhatsApp 646 2381069<\/p>","protected":false},"excerpt":{"rendered":"<blockquote><p>Nebbiolo Rosado<\/p><\/blockquote>\n<p><strong>Sensory Characteristics<\/strong><\/p>\n<p>Nose: elegant aroma of peach, passion fruit, lime, tangerine and pomegranate.<br \/>\nMouth: fresh acidity, tropical fruits, unctuous and good permanence.<br \/>\nColor: salmon pink with bright flashes, clean.<\/p>\n<p>2020 Medalla de BRONCE. San Francisco International Wine Competition.<\/p>\n<p>&nbsp;<\/p>\n<p>&nbsp;<\/p>","protected":false},"featured_media":124,"template":"","meta":{"inline_featured_image":false,"_uag_custom_page_level_css":"","_joinchat":[]},"product_cat":[526],"product_tag":[],"class_list":["post-143","product","type-product","status-publish","has-post-thumbnail","hentry","product_cat-vinos","prodpage-classic"],"uagb_featured_image_src":{"full":["https:\/\/haciendamontero.com.mx\/wp-content\/uploads\/2021\/04\/montero_vino_coty.jpg",800,800,false],"thumbnail":["https:\/\/haciendamontero.com.mx\/wp-content\/uploads\/2021\/04\/montero_vino_coty-150x150.jpg",150,150,true],"medium":["https:\/\/haciendamontero.com.mx\/wp-content\/uploads\/2021\/04\/montero_vino_coty-300x300.jpg",300,300,true],"medium_large":["https:\/\/haciendamontero.com.mx\/wp-content\/uploads\/2021\/04\/montero_vino_coty-768x768.jpg",768,768,true],"large":["https:\/\/haciendamontero.com.mx\/wp-content\/uploads\/2021\/04\/montero_vino_coty.jpg",800,800,false],"1536x1536":["https:\/\/haciendamontero.com.mx\/wp-content\/uploads\/2021\/04\/montero_vino_coty.jpg",800,800,false],"2048x2048":["https:\/\/haciendamontero.com.mx\/wp-content\/uploads\/2021\/04\/montero_vino_coty.jpg",800,800,false],"trp-custom-language-flag":["https:\/\/haciendamontero.com.mx\/wp-content\/uploads\/2021\/04\/montero_vino_coty.jpg",12,12,false],"post-thumbnail":["https:\/\/haciendamontero.com.mx\/wp-content\/uploads\/2021\/04\/montero_vino_coty-187x187.jpg",187,187,true],"full-width-image":["https:\/\/haciendamontero.com.mx\/wp-content\/uploads\/2021\/04\/montero_vino_coty.jpg",800,800,false],"lp_bi_image":["https:\/\/haciendamontero.com.mx\/wp-content\/uploads\/2021\/04\/montero_vino_coty-750x350.jpg",750,350,true],"woocommerce_thumbnail":["https:\/\/haciendamontero.com.mx\/wp-content\/uploads\/2021\/04\/montero_vino_coty-300x300.jpg",300,300,true],"woocommerce_single":["https:\/\/haciendamontero.com.mx\/wp-content\/uploads\/2021\/04\/montero_vino_coty-600x600.jpg",600,600,true],"woocommerce_gallery_thumbnail":["https:\/\/haciendamontero.com.mx\/wp-content\/uploads\/2021\/04\/montero_vino_coty-100x100.jpg",100,100,true]},"uagb_author_info":{"display_name":"efriend","author_link":"https:\/\/haciendamontero.com.mx\/en\/author\/"},"uagb_comment_info":0,"uagb_excerpt":"Nebbiolo Rosado Caracter\u00edsticas Sensoriales Nariz: aroma elegante a durazno, maracuy\u00e1, lima, mandarina y granada. Boca: acidez fresca, frutas tropicales, untuoso y buena permanencia. Color: rosado salm\u00f3n con destellos brillantes, limpio. 2020 Medalla de BRONCE. San Francisco International Wine Competition. &nbsp; &nbsp;","_links":{"self":[{"href":"https:\/\/haciendamontero.com.mx\/en\/wp-json\/wp\/v3\/product\/143","targetHints":{"allow":["GET"]}}],"collection":[{"href":"https:\/\/haciendamontero.com.mx\/en\/wp-json\/wp\/v3\/product"}],"about":[{"href":"https:\/\/haciendamontero.com.mx\/en\/wp-json\/wp\/v2\/types\/product"}],"wp:featuredmedia":[{"embeddable":true,"href":"https:\/\/haciendamontero.com.mx\/en\/wp-json\/wp\/v2\/media\/124"}],"wp:attachment":[{"href":"https:\/\/haciendamontero.com.mx\/en\/wp-json\/wp\/v2\/media?parent=143"}],"wp:term":[{"taxonomy":"product_cat","embeddable":true,"href":"https:\/\/haciendamontero.com.mx\/en\/wp-json\/wp\/v2\/product_cat?post=143"},{"taxonomy":"product_tag","embeddable":true,"href":"https:\/\/haciendamontero.com.mx\/en\/wp-json\/wp\/v2\/product_tag?post=143"}],"curies":[{"name":"wp","href":"https:\/\/api.w.org\/{rel}","templated":true}]}}